{"id":38,"date":"2024-08-20T12:46:46","date_gmt":"2024-08-20T09:46:46","guid":{"rendered":"https:\/\/bj-forest.fi\/?page_id=38"},"modified":"2024-09-04T20:33:54","modified_gmt":"2024-09-04T17:33:54","slug":"mediapankki","status":"publish","type":"page","link":"https:\/\/bj-forest.fi\/fi\/mediapankki\/","title":{"rendered":"Mediapankki"},"content":{"rendered":"\n<p>BJ-FOREST OY:n logot on tarkoitettu vain yhteisty\u00f6kumppaneiden k\u00e4ytt\u00f6\u00f6n. Logojen luvaton k\u00e4ytt\u00f6 on ehdottomasti kielletty.<\/p>\n\n\n\n<figure class=\"wp-block-image size-full is-resized\"><img loading=\"lazy\" decoding=\"async\" width=\"2000\" height=\"555\" src=\"https:\/\/bj-forest.fi\/wp-content\/uploads\/BJ-Forest-logo-OY.png\" alt=\"\" class=\"wp-image-154\" style=\"width:400px\"\/><\/figure>\n\n\n\n<div class=\"wp-block-file has-palette-color-7-background-color has-background\" style=\"padding-top:var(--wp--preset--spacing--50);padding-right:var(--wp--preset--spacing--50);padding-bottom:var(--wp--preset--spacing--50);padding-left:var(--wp--preset--spacing--50)\"><a id=\"wp-block-file--media-554d6e5a-f01e-49dd-bf6b-b62a09d35007\" href=\"https:\/\/bj-forest.fi\/wp-content\/uploads\/PDF-versiot.zip\" target=\"_blank\" rel=\"noreferrer noopener\">PDF-versiot<\/a><a href=\"https:\/\/bj-forest.fi\/wp-content\/uploads\/PDF-versiot.zip\" class=\"wp-block-file__button wp-element-button\" download aria-describedby=\"wp-block-file--media-554d6e5a-f01e-49dd-bf6b-b62a09d35007\">Lataa<\/a><\/div>\n\n\n\n<div class=\"wp-block-file has-palette-color-7-background-color has-background\" style=\"padding-top:var(--wp--preset--spacing--50);padding-right:var(--wp--preset--spacing--50);padding-bottom:var(--wp--preset--spacing--50);padding-left:var(--wp--preset--spacing--50)\"><a id=\"wp-block-file--media-5f263564-afaa-466d-b493-5f8eb3517607\" href=\"https:\/\/bj-forest.fi\/wp-content\/uploads\/PNG-versiot.zip\">PNG-versiot<\/a><a href=\"https:\/\/bj-forest.fi\/wp-content\/uploads\/PNG-versiot.zip\" class=\"wp-block-file__button wp-element-button\" download aria-describedby=\"wp-block-file--media-5f263564-afaa-466d-b493-5f8eb3517607\">Lataa<\/a><\/div>\n\n\n\n<div class=\"wp-block-file has-palette-color-7-background-color has-background\" style=\"padding-top:var(--wp--preset--spacing--50);padding-right:var(--wp--preset--spacing--50);padding-bottom:var(--wp--preset--spacing--50);padding-left:var(--wp--preset--spacing--50)\"><a id=\"wp-block-file--media-82042750-dd5b-4da6-a0f3-54de30a4c834\" href=\"https:\/\/bj-forest.fi\/wp-content\/uploads\/JPG-versiot.zip\">JPG-versiot<\/a><a href=\"https:\/\/bj-forest.fi\/wp-content\/uploads\/JPG-versiot.zip\" class=\"wp-block-file__button wp-element-button\" download aria-describedby=\"wp-block-file--media-82042750-dd5b-4da6-a0f3-54de30a4c834\">Lataa<\/a><\/div>\n","protected":false},"excerpt":{"rendered":"<p>BJ-FOREST OY:n logot on tarkoitettu vain yhteisty\u00f6kumppaneiden k\u00e4ytt\u00f6\u00f6n. Logojen luvaton k\u00e4ytt\u00f6 on ehdottomasti kielletty.<\/p>\n","protected":false},"author":1,"featured_media":0,"parent":0,"menu_order":0,"comment_status":"closed","ping_status":"closed","template":"","meta":{"footnotes":""},"class_list":["post-38","page","type-page","status-publish","hentry"],"blocksy_meta":{"disable_share_box":"yes","styles_descriptor":{"styles":{"desktop":"","tablet":"","mobile":""},"google_fonts":[],"version":6},"vertical_spacing_source":"custom","content_area_spacing":"top","content_style_source":"inherit"},"yoast_head":"<!-- This site is optimized with the Yoast SEO plugin v27.4 - https:\/\/yoast.com\/product\/yoast-seo-wordpress\/ -->\n<title>Mediapankki - BJ-FOREST<\/title>\n<meta name=\"robots\" content=\"index, follow, max-snippet:-1, max-image-preview:large, max-video-preview:-1\" \/>\n<link rel=\"canonical\" href=\"http:\/\/bj-forest.fi\/fi\/mediapankki\/\" \/>\n<meta property=\"og:locale\" content=\"fi_FI\" \/>\n<meta property=\"og:type\" content=\"article\" \/>\n<meta property=\"og:title\" content=\"Mediapankki - BJ-FOREST\" \/>\n<meta property=\"og:description\" content=\"BJ-FOREST OY:n logot on tarkoitettu vain yhteisty\u00f6kumppaneiden k\u00e4ytt\u00f6\u00f6n. Logojen luvaton k\u00e4ytt\u00f6 on ehdottomasti kielletty.\" \/>\n<meta property=\"og:url\" content=\"http:\/\/bj-forest.fi\/fi\/mediapankki\/\" \/>\n<meta property=\"og:site_name\" content=\"BJ-FOREST\" \/>\n<meta property=\"article:modified_time\" content=\"2024-09-04T17:33:54+00:00\" \/>\n<meta property=\"og:image\" content=\"https:\/\/bj-forest.fi\/wp-content\/uploads\/BJ-Forest-logo-OY.png\" \/>\n<meta name=\"twitter:card\" content=\"summary_large_image\" \/>\n<meta name=\"twitter:label1\" content=\"Arvioitu lukuaika\" \/>\n\t<meta name=\"twitter:data1\" content=\"1 minuutti\" \/>\n<script type=\"application\/ld+json\" class=\"yoast-schema-graph\">{\"@context\":\"https:\\\/\\\/schema.org\",\"@graph\":[{\"@type\":\"WebPage\",\"@id\":\"http:\\\/\\\/bj-forest.fi\\\/sv\\\/mediapankki\\\/\",\"url\":\"http:\\\/\\\/bj-forest.fi\\\/sv\\\/mediapankki\\\/\",\"name\":\"Mediapankki - BJ-FOREST\",\"isPartOf\":{\"@id\":\"https:\\\/\\\/bj-forest.fi\\\/#website\"},\"primaryImageOfPage\":{\"@id\":\"http:\\\/\\\/bj-forest.fi\\\/sv\\\/mediapankki\\\/#primaryimage\"},\"image\":{\"@id\":\"http:\\\/\\\/bj-forest.fi\\\/sv\\\/mediapankki\\\/#primaryimage\"},\"thumbnailUrl\":\"https:\\\/\\\/bj-forest.fi\\\/wp-content\\\/uploads\\\/BJ-Forest-logo-OY.png\",\"datePublished\":\"2024-08-20T09:46:46+00:00\",\"dateModified\":\"2024-09-04T17:33:54+00:00\",\"breadcrumb\":{\"@id\":\"http:\\\/\\\/bj-forest.fi\\\/sv\\\/mediapankki\\\/#breadcrumb\"},\"inLanguage\":\"fi\",\"potentialAction\":[{\"@type\":\"ReadAction\",\"target\":[\"http:\\\/\\\/bj-forest.fi\\\/sv\\\/mediapankki\\\/\"]}]},{\"@type\":\"ImageObject\",\"inLanguage\":\"fi\",\"@id\":\"http:\\\/\\\/bj-forest.fi\\\/sv\\\/mediapankki\\\/#primaryimage\",\"url\":\"https:\\\/\\\/bj-forest.fi\\\/wp-content\\\/uploads\\\/BJ-Forest-logo-OY.png\",\"contentUrl\":\"https:\\\/\\\/bj-forest.fi\\\/wp-content\\\/uploads\\\/BJ-Forest-logo-OY.png\"},{\"@type\":\"BreadcrumbList\",\"@id\":\"http:\\\/\\\/bj-forest.fi\\\/sv\\\/mediapankki\\\/#breadcrumb\",\"itemListElement\":[{\"@type\":\"ListItem\",\"position\":1,\"name\":\"Etusivu\",\"item\":\"https:\\\/\\\/bj-forest.fi\\\/\"},{\"@type\":\"ListItem\",\"position\":2,\"name\":\"Mediapankki\"}]},{\"@type\":\"WebSite\",\"@id\":\"https:\\\/\\\/bj-forest.fi\\\/#website\",\"url\":\"https:\\\/\\\/bj-forest.fi\\\/\",\"name\":\"BJ-FOREST\",\"description\":\"Kantojen ja energiapuun kierr&auml;tys ja k&auml;sittely\",\"publisher\":{\"@id\":\"https:\\\/\\\/bj-forest.fi\\\/#organization\"},\"potentialAction\":[{\"@type\":\"SearchAction\",\"target\":{\"@type\":\"EntryPoint\",\"urlTemplate\":\"https:\\\/\\\/bj-forest.fi\\\/?s={search_term_string}\"},\"query-input\":{\"@type\":\"PropertyValueSpecification\",\"valueRequired\":true,\"valueName\":\"search_term_string\"}}],\"inLanguage\":\"fi\"},{\"@type\":\"Organization\",\"@id\":\"https:\\\/\\\/bj-forest.fi\\\/#organization\",\"name\":\"BJ-FOREST\",\"url\":\"https:\\\/\\\/bj-forest.fi\\\/\",\"logo\":{\"@type\":\"ImageObject\",\"inLanguage\":\"fi\",\"@id\":\"https:\\\/\\\/bj-forest.fi\\\/#\\\/schema\\\/logo\\\/image\\\/\",\"url\":\"https:\\\/\\\/bj-forest.fi\\\/wp-content\\\/uploads\\\/2024\\\/08\\\/BJ-Forest-logo-vaaka.png\",\"contentUrl\":\"https:\\\/\\\/bj-forest.fi\\\/wp-content\\\/uploads\\\/2024\\\/08\\\/BJ-Forest-logo-vaaka.png\",\"width\":2000,\"height\":664,\"caption\":\"BJ-FOREST\"},\"image\":{\"@id\":\"https:\\\/\\\/bj-forest.fi\\\/#\\\/schema\\\/logo\\\/image\\\/\"}}]}<\/script>\n<!-- \/ Yoast SEO plugin. -->","yoast_head_json":{"title":"Mediapankki - BJ-FOREST","robots":{"index":"index","follow":"follow","max-snippet":"max-snippet:-1","max-image-preview":"max-image-preview:large","max-video-preview":"max-video-preview:-1"},"canonical":"http:\/\/bj-forest.fi\/fi\/mediapankki\/","og_locale":"fi_FI","og_type":"article","og_title":"Mediapankki - BJ-FOREST","og_description":"BJ-FOREST OY:n logot on tarkoitettu vain yhteisty\u00f6kumppaneiden k\u00e4ytt\u00f6\u00f6n. Logojen luvaton k\u00e4ytt\u00f6 on ehdottomasti kielletty.","og_url":"http:\/\/bj-forest.fi\/fi\/mediapankki\/","og_site_name":"BJ-FOREST","article_modified_time":"2024-09-04T17:33:54+00:00","og_image":[{"url":"https:\/\/bj-forest.fi\/wp-content\/uploads\/BJ-Forest-logo-OY.png","type":"","width":"","height":""}],"twitter_card":"summary_large_image","twitter_misc":{"Arvioitu lukuaika":"1 minuutti"},"schema":{"@context":"https:\/\/schema.org","@graph":[{"@type":"WebPage","@id":"http:\/\/bj-forest.fi\/sv\/mediapankki\/","url":"http:\/\/bj-forest.fi\/sv\/mediapankki\/","name":"Mediapankki - BJ-FOREST","isPartOf":{"@id":"https:\/\/bj-forest.fi\/#website"},"primaryImageOfPage":{"@id":"http:\/\/bj-forest.fi\/sv\/mediapankki\/#primaryimage"},"image":{"@id":"http:\/\/bj-forest.fi\/sv\/mediapankki\/#primaryimage"},"thumbnailUrl":"https:\/\/bj-forest.fi\/wp-content\/uploads\/BJ-Forest-logo-OY.png","datePublished":"2024-08-20T09:46:46+00:00","dateModified":"2024-09-04T17:33:54+00:00","breadcrumb":{"@id":"http:\/\/bj-forest.fi\/sv\/mediapankki\/#breadcrumb"},"inLanguage":"fi","potentialAction":[{"@type":"ReadAction","target":["http:\/\/bj-forest.fi\/sv\/mediapankki\/"]}]},{"@type":"ImageObject","inLanguage":"fi","@id":"http:\/\/bj-forest.fi\/sv\/mediapankki\/#primaryimage","url":"https:\/\/bj-forest.fi\/wp-content\/uploads\/BJ-Forest-logo-OY.png","contentUrl":"https:\/\/bj-forest.fi\/wp-content\/uploads\/BJ-Forest-logo-OY.png"},{"@type":"BreadcrumbList","@id":"http:\/\/bj-forest.fi\/sv\/mediapankki\/#breadcrumb","itemListElement":[{"@type":"ListItem","position":1,"name":"Etusivu","item":"https:\/\/bj-forest.fi\/"},{"@type":"ListItem","position":2,"name":"Mediapankki"}]},{"@type":"WebSite","@id":"https:\/\/bj-forest.fi\/#website","url":"https:\/\/bj-forest.fi\/","name":"BJ-FOREST","description":"Kantojen ja energiapuun kierr&auml;tys ja k&auml;sittely","publisher":{"@id":"https:\/\/bj-forest.fi\/#organization"},"potentialAction":[{"@type":"SearchAction","target":{"@type":"EntryPoint","urlTemplate":"https:\/\/bj-forest.fi\/?s={search_term_string}"},"query-input":{"@type":"PropertyValueSpecification","valueRequired":true,"valueName":"search_term_string"}}],"inLanguage":"fi"},{"@type":"Organization","@id":"https:\/\/bj-forest.fi\/#organization","name":"BJ-FOREST","url":"https:\/\/bj-forest.fi\/","logo":{"@type":"ImageObject","inLanguage":"fi","@id":"https:\/\/bj-forest.fi\/#\/schema\/logo\/image\/","url":"https:\/\/bj-forest.fi\/wp-content\/uploads\/2024\/08\/BJ-Forest-logo-vaaka.png","contentUrl":"https:\/\/bj-forest.fi\/wp-content\/uploads\/2024\/08\/BJ-Forest-logo-vaaka.png","width":2000,"height":664,"caption":"BJ-FOREST"},"image":{"@id":"https:\/\/bj-forest.fi\/#\/schema\/logo\/image\/"}}]}},"_links":{"self":[{"href":"https:\/\/bj-forest.fi\/fi\/wp-json\/wp\/v2\/pages\/38","targetHints":{"allow":["GET"]}}],"collection":[{"href":"https:\/\/bj-forest.fi\/fi\/wp-json\/wp\/v2\/pages"}],"about":[{"href":"https:\/\/bj-forest.fi\/fi\/wp-json\/wp\/v2\/types\/page"}],"author":[{"embeddable":true,"href":"https:\/\/bj-forest.fi\/fi\/wp-json\/wp\/v2\/users\/1"}],"replies":[{"embeddable":true,"href":"https:\/\/bj-forest.fi\/fi\/wp-json\/wp\/v2\/comments?post=38"}],"version-history":[{"count":4,"href":"https:\/\/bj-forest.fi\/fi\/wp-json\/wp\/v2\/pages\/38\/revisions"}],"predecessor-version":[{"id":470,"href":"https:\/\/bj-forest.fi\/fi\/wp-json\/wp\/v2\/pages\/38\/revisions\/470"}],"wp:attachment":[{"href":"https:\/\/bj-forest.fi\/fi\/wp-json\/wp\/v2\/media?parent=38"}],"curies":[{"name":"wp","href":"https:\/\/api.w.org\/{rel}","templated":true}]}}